{"id":2696,"date":"2026-02-23T11:52:15","date_gmt":"2026-02-23T10:52:15","guid":{"rendered":"https:\/\/kominstal.webprotebe.com\/kominstal\/?page_id=2696"},"modified":"2026-03-22T18:08:17","modified_gmt":"2026-03-22T17:08:17","slug":"kontroly-a-revizni-spravy-spalinovych-cest","status":"publish","type":"page","link":"https:\/\/kominstal.cz\/domains\/kominstal.cz\/kontroly-a-revizni-spravy-spalinovych-cest\/","title":{"rendered":"Kontroly a revizn\u00ed spr\u00e1vy spalinov\u00fdch cest"},"content":{"rendered":"\t\t<div data-elementor-type=\"wp-page\" data-elementor-id=\"2696\" class=\"elementor elementor-2696\" data-elementor-post-type=\"page\">\n\t\t\t\t<div class=\"elementor-element elementor-element-6d6a939d e-con-full e-flex e-con e-parent\" data-id=\"6d6a939d\" data-element_type=\"container\" data-e-type=\"container\">\n\t\t<div class=\"elementor-element elementor-element-4659955d e-con-full e-flex e-con e-child\" data-id=\"4659955d\" data-element_type=\"container\" data-e-type=\"container\" data-settings=\"{&quot;background_background&quot;:&quot;classic&quot;}\">\n\t\t<div class=\"elementor-element elementor-element-c97e92e e-con-full e-flex e-con e-child\" data-id=\"c97e92e\" data-element_type=\"container\" data-e-type=\"container\" data-settings=\"{&quot;background_background&quot;:&quot;classic&quot;}\">\n\t\t\t\t<div class=\"elementor-element elementor-element-2a6d14bc equal-btn elementor-align-justify elementor-widget elementor-widget-button\" data-id=\"2a6d14bc\" data-element_type=\"widget\" data-e-type=\"widget\" data-widget_type=\"button.default\">\n\t\t\t\t\t\t\t\t\t\t<a class=\"elementor-button elementor-button-link elementor-size-sm\" href=\"https:\/\/kominstal.cz\/domains\/kominstal.cz\/frezovani-kominu\/\">\n\t\t\t\t\t\t<span class=\"elementor-button-content-wrapper\">\n\t\t\t\t\t\t\t\t\t<span class=\"elementor-button-text\">Fr\u00e9zov\u00e1n\u00ed kom\u00edn\u016f<\/span>\n\t\t\t\t\t<\/span>\n\t\t\t\t\t<\/a>\n\t\t\t\t\t\t\t\t<\/div>\n\t\t\t\t<\/div>\n\t\t<div class=\"elementor-element elementor-element-47a1448a e-con-full e-flex e-con e-child\" data-id=\"47a1448a\" data-element_type=\"container\" data-e-type=\"container\" data-settings=\"{&quot;background_background&quot;:&quot;classic&quot;}\">\n\t\t\t\t<div class=\"elementor-element elementor-element-490a47d0 elementor-align-justify elementor-widget elementor-widget-button\" data-id=\"490a47d0\" data-element_type=\"widget\" data-e-type=\"widget\" data-widget_type=\"button.default\">\n\t\t\t\t\t\t\t\t\t\t<a class=\"elementor-button elementor-button-link elementor-size-sm\" href=\"https:\/\/kominstal.cz\/domains\/kominstal.cz\/vlozkovani-kominu\/\">\n\t\t\t\t\t\t<span class=\"elementor-button-content-wrapper\">\n\t\t\t\t\t\t\t\t\t<span class=\"elementor-button-text\">Vlo\u017ekov\u00e1n\u00ed kom\u00edn\u016f<\/span>\n\t\t\t\t\t<\/span>\n\t\t\t\t\t<\/a>\n\t\t\t\t\t\t\t\t<\/div>\n\t\t\t\t<\/div>\n\t\t<div class=\"elementor-element elementor-element-3e9f369e e-con-full e-flex e-con e-child\" data-id=\"3e9f369e\" data-element_type=\"container\" data-e-type=\"container\" data-settings=\"{&quot;background_background&quot;:&quot;classic&quot;}\">\n\t\t\t\t<div class=\"elementor-element elementor-element-2c2aaef1 elementor-align-justify elementor-widget elementor-widget-button\" data-id=\"2c2aaef1\" data-element_type=\"widget\" data-e-type=\"widget\" data-widget_type=\"button.default\">\n\t\t\t\t\t\t\t\t\t\t<a class=\"elementor-button elementor-button-link elementor-size-sm\" href=\"https:\/\/kominstal.cz\/domains\/kominstal.cz\/fasadni-kominy\/\">\n\t\t\t\t\t\t<span class=\"elementor-button-content-wrapper\">\n\t\t\t\t\t\t\t\t\t<span class=\"elementor-button-text\">Nerezov\u00e9 fas\u00e1dn\u00ed kom\u00edny<\/span>\n\t\t\t\t\t<\/span>\n\t\t\t\t\t<\/a>\n\t\t\t\t\t\t\t\t<\/div>\n\t\t\t\t<\/div>\n\t\t<div class=\"elementor-element elementor-element-1f5547f5 e-con-full e-flex e-con e-child\" data-id=\"1f5547f5\" data-element_type=\"container\" data-e-type=\"container\" data-settings=\"{&quot;background_background&quot;:&quot;classic&quot;}\">\n\t\t\t\t<div class=\"elementor-element elementor-element-23eb5122 elementor-align-justify elementor-widget elementor-widget-button\" data-id=\"23eb5122\" data-element_type=\"widget\" data-e-type=\"widget\" data-widget_type=\"button.default\">\n\t\t\t\t\t\t\t\t\t\t<a class=\"elementor-button elementor-button-link elementor-size-sm\" href=\"https:\/\/kominstal.cz\/domains\/kominstal.cz\/vnitrni-kominy\/\">\n\t\t\t\t\t\t<span class=\"elementor-button-content-wrapper\">\n\t\t\t\t\t\t\t\t\t<span class=\"elementor-button-text\">Nerezov\u00e9 vnit\u0159n\u00ed kom\u00edny<\/span>\n\t\t\t\t\t<\/span>\n\t\t\t\t\t<\/a>\n\t\t\t\t\t\t\t\t<\/div>\n\t\t\t\t<\/div>\n\t\t<div class=\"elementor-element elementor-element-2941e463 e-con-full e-flex e-con e-child\" data-id=\"2941e463\" data-element_type=\"container\" data-e-type=\"container\" data-settings=\"{&quot;background_background&quot;:&quot;classic&quot;}\">\n\t\t\t\t<div class=\"elementor-element elementor-element-5af12343 elementor-align-justify elementor-widget elementor-widget-button\" data-id=\"5af12343\" data-element_type=\"widget\" data-e-type=\"widget\" data-widget_type=\"button.default\">\n\t\t\t\t\t\t\t\t\t\t<a class=\"elementor-button elementor-button-link elementor-size-sm\" href=\"https:\/\/kominstal.cz\/domains\/kominstal.cz\/svisle-kourovody-s-funkci-komina\/\">\n\t\t\t\t\t\t<span class=\"elementor-button-content-wrapper\">\n\t\t\t\t\t\t\t\t\t<span class=\"elementor-button-text\"> Svisl\u00e9 kou\u0159ovody s funkc\u00ed kom\u00edna<\/span>\n\t\t\t\t\t<\/span>\n\t\t\t\t\t<\/a>\n\t\t\t\t\t\t\t\t<\/div>\n\t\t\t\t<\/div>\n\t\t<div class=\"elementor-element elementor-element-494fb63 e-con-full e-flex e-con e-child\" data-id=\"494fb63\" data-element_type=\"container\" data-e-type=\"container\" data-settings=\"{&quot;background_background&quot;:&quot;classic&quot;}\">\n\t\t\t\t<div class=\"elementor-element elementor-element-dcccc1f elementor-align-justify elementor-widget elementor-widget-button\" data-id=\"dcccc1f\" data-element_type=\"widget\" data-e-type=\"widget\" data-widget_type=\"button.default\">\n\t\t\t\t\t\t\t\t\t\t<a class=\"elementor-button elementor-button-link elementor-size-sm\" href=\"https:\/\/kominstal.cz\/domains\/kominstal.cz\/odkoureni-pro-kondenzacni-kotle\/\">\n\t\t\t\t\t\t<span class=\"elementor-button-content-wrapper\">\n\t\t\t\t\t\t\t\t\t<span class=\"elementor-button-text\">Odkou\u0159en\u00ed pro kondeza\u010dn\u00ed kotle<\/span>\n\t\t\t\t\t<\/span>\n\t\t\t\t\t<\/a>\n\t\t\t\t\t\t\t\t<\/div>\n\t\t\t\t<\/div>\n\t\t<div class=\"elementor-element elementor-element-b671e80 e-con-full e-flex e-con e-child\" data-id=\"b671e80\" data-element_type=\"container\" data-e-type=\"container\" data-settings=\"{&quot;background_background&quot;:&quot;classic&quot;}\">\n\t\t\t\t<div class=\"elementor-element elementor-element-32fbbf45 elementor-align-justify elementor-widget elementor-widget-button\" data-id=\"32fbbf45\" data-element_type=\"widget\" data-e-type=\"widget\" data-widget_type=\"button.default\">\n\t\t\t\t\t\t\t\t\t\t<a class=\"elementor-button elementor-button-link elementor-size-sm\" href=\"https:\/\/kominstal.cz\/domains\/kominstal.cz\/kominove-nastavce\/\">\n\t\t\t\t\t\t<span class=\"elementor-button-content-wrapper\">\n\t\t\t\t\t\t\t\t\t<span class=\"elementor-button-text\">Kom\u00ednov\u00e9 n\u00e1stavce<\/span>\n\t\t\t\t\t<\/span>\n\t\t\t\t\t<\/a>\n\t\t\t\t\t\t\t\t<\/div>\n\t\t\t\t<\/div>\n\t\t<div class=\"elementor-element elementor-element-79be0ba7 e-con-full e-flex e-con e-child\" data-id=\"79be0ba7\" data-element_type=\"container\" data-e-type=\"container\" data-settings=\"{&quot;background_background&quot;:&quot;classic&quot;}\">\n\t\t\t\t<div class=\"elementor-element elementor-element-e842b3b elementor-align-justify elementor-widget elementor-widget-button\" data-id=\"e842b3b\" data-element_type=\"widget\" data-e-type=\"widget\" data-widget_type=\"button.default\">\n\t\t\t\t\t\t\t\t\t\t<a class=\"elementor-button elementor-size-sm\" role=\"button\">\n\t\t\t\t\t\t<span class=\"elementor-button-content-wrapper\">\n\t\t\t\t\t\t\t\t\t<span class=\"elementor-button-text\">Kou\u0159ovody<\/span>\n\t\t\t\t\t<\/span>\n\t\t\t\t\t<\/a>\n\t\t\t\t\t\t\t\t<\/div>\n\t\t\t\t<\/div>\n\t\t<div class=\"elementor-element elementor-element-6b5ce9c1 e-con-full e-flex e-con e-child\" data-id=\"6b5ce9c1\" data-element_type=\"container\" data-e-type=\"container\" data-settings=\"{&quot;background_background&quot;:&quot;classic&quot;}\">\n\t\t\t\t<div class=\"elementor-element elementor-element-cc8a2c0 elementor-align-justify elementor-widget elementor-widget-button\" data-id=\"cc8a2c0\" data-element_type=\"widget\" data-e-type=\"widget\" data-widget_type=\"button.default\">\n\t\t\t\t\t\t\t\t\t\t<a class=\"elementor-button elementor-button-link elementor-size-sm\" href=\"https:\/\/kominstal.cz\/domains\/kominstal.cz\/oplechovani-kominu\/\">\n\t\t\t\t\t\t<span class=\"elementor-button-content-wrapper\">\n\t\t\t\t\t\t\t\t\t<span class=\"elementor-button-text\">Oplechov\u00e1n\u00ed kom\u00edn\u016f <\/span>\n\t\t\t\t\t<\/span>\n\t\t\t\t\t<\/a>\n\t\t\t\t\t\t\t\t<\/div>\n\t\t\t\t<\/div>\n\t\t<div class=\"elementor-element elementor-element-683e735 e-con-full e-flex e-con e-child\" data-id=\"683e735\" data-element_type=\"container\" data-e-type=\"container\" data-settings=\"{&quot;background_background&quot;:&quot;classic&quot;}\">\n\t\t\t\t<div class=\"elementor-element elementor-element-c79ca60 elementor-align-justify elementor-widget elementor-widget-button\" data-id=\"c79ca60\" data-element_type=\"widget\" data-e-type=\"widget\" data-widget_type=\"button.default\">\n\t\t\t\t\t\t\t\t\t\t<a class=\"elementor-button elementor-button-link elementor-size-sm\" href=\"https:\/\/kominstal.cz\/domains\/kominstal.cz\/kominy-pro-prumyslove-objekty\/\">\n\t\t\t\t\t\t<span class=\"elementor-button-content-wrapper\">\n\t\t\t\t\t\t\t\t\t<span class=\"elementor-button-text\">Kom\u00edny pro pr\u016fmyslov\u00e9 objekty<\/span>\n\t\t\t\t\t<\/span>\n\t\t\t\t\t<\/a>\n\t\t\t\t\t\t\t\t<\/div>\n\t\t\t\t<\/div>\n\t\t<div class=\"elementor-element elementor-element-264f9c42 e-con-full e-flex e-con e-child\" data-id=\"264f9c42\" data-element_type=\"container\" data-e-type=\"container\" data-settings=\"{&quot;background_background&quot;:&quot;classic&quot;}\">\n\t\t\t\t<div class=\"elementor-element elementor-element-4919598d elementor-align-justify elementor-widget elementor-widget-button\" data-id=\"4919598d\" data-element_type=\"widget\" data-e-type=\"widget\" data-widget_type=\"button.default\">\n\t\t\t\t\t\t\t\t\t\t<a class=\"elementor-button elementor-button-link elementor-size-sm\" href=\"https:\/\/kominstal.cz\/domains\/kominstal.cz\/strojni-cisteni\/\">\n\t\t\t\t\t\t<span class=\"elementor-button-content-wrapper\">\n\t\t\t\t\t\t\t\t\t<span class=\"elementor-button-text\">Strojn\u00ed \u010di\u0161t\u011bn\u00ed<\/span>\n\t\t\t\t\t<\/span>\n\t\t\t\t\t<\/a>\n\t\t\t\t\t\t\t\t<\/div>\n\t\t\t\t<\/div>\n\t\t<div class=\"elementor-element elementor-element-5d5f1cb e-con-full e-flex e-con e-child\" data-id=\"5d5f1cb\" data-element_type=\"container\" data-e-type=\"container\" data-settings=\"{&quot;background_background&quot;:&quot;classic&quot;}\">\n\t\t\t\t<div class=\"elementor-element elementor-element-f341841 elementor-align-justify elementor-widget elementor-widget-button\" data-id=\"f341841\" data-element_type=\"widget\" data-e-type=\"widget\" data-widget_type=\"button.default\">\n\t\t\t\t\t\t\t\t\t\t<a class=\"elementor-button elementor-button-link elementor-size-sm\" href=\"https:\/\/kominstal.cz\/domains\/kominstal.cz\/prostupy\/\">\n\t\t\t\t\t\t<span class=\"elementor-button-content-wrapper\">\n\t\t\t\t\t\t\t\t\t<span class=\"elementor-button-text\">Prostupy<\/span>\n\t\t\t\t\t<\/span>\n\t\t\t\t\t<\/a>\n\t\t\t\t\t\t\t\t<\/div>\n\t\t\t\t<\/div>\n\t\t<div class=\"elementor-element elementor-element-589ec133 e-con-full e-flex e-con e-child\" data-id=\"589ec133\" data-element_type=\"container\" data-e-type=\"container\" data-settings=\"{&quot;background_background&quot;:&quot;classic&quot;}\">\n\t\t\t\t<div class=\"elementor-element elementor-element-d50adc8 elementor-align-justify elementor-widget elementor-widget-button\" data-id=\"d50adc8\" data-element_type=\"widget\" data-e-type=\"widget\" data-widget_type=\"button.default\">\n\t\t\t\t\t\t\t\t\t\t<a class=\"elementor-button elementor-button-link elementor-size-sm\" href=\"https:\/\/kominstal.cz\/domains\/kominstal.cz\/kominove-strisky\/\">\n\t\t\t\t\t\t<span class=\"elementor-button-content-wrapper\">\n\t\t\t\t\t\t\t\t\t<span class=\"elementor-button-text\">Kom\u00ednov\u00e9 st\u0159\u00ed\u0161ky<\/span>\n\t\t\t\t\t<\/span>\n\t\t\t\t\t<\/a>\n\t\t\t\t\t\t\t\t<\/div>\n\t\t\t\t<\/div>\n\t\t<div class=\"elementor-element elementor-element-3995875e e-con-full e-flex e-con e-child\" data-id=\"3995875e\" data-element_type=\"container\" data-e-type=\"container\" data-settings=\"{&quot;background_background&quot;:&quot;classic&quot;}\">\n\t\t\t\t<div class=\"elementor-element elementor-element-50eccb62 elementor-align-justify elementor-widget elementor-widget-button\" data-id=\"50eccb62\" data-element_type=\"widget\" data-e-type=\"widget\" data-widget_type=\"button.default\">\n\t\t\t\t\t\t\t\t\t\t<a class=\"elementor-button elementor-button-link elementor-size-sm\" href=\"https:\/\/kominstal.cz\/domains\/kominstal.cz\/kontroly-a-revizni-spravy-spalinovych-cest\/\">\n\t\t\t\t\t\t<span class=\"elementor-button-content-wrapper\">\n\t\t\t\t\t\t\t\t\t<span class=\"elementor-button-text\">Kontrola a revize spalinov\u00fdch cest<\/span>\n\t\t\t\t\t<\/span>\n\t\t\t\t\t<\/a>\n\t\t\t\t\t\t\t\t<\/div>\n\t\t\t\t<\/div>\n\t\t<div class=\"elementor-element elementor-element-9491984 e-con-full e-flex e-con e-child\" data-id=\"9491984\" data-element_type=\"container\" data-e-type=\"container\" data-settings=\"{&quot;background_background&quot;:&quot;classic&quot;}\">\n\t\t\t\t<div class=\"elementor-element elementor-element-560e1831 elementor-align-justify elementor-widget elementor-widget-button\" data-id=\"560e1831\" data-element_type=\"widget\" data-e-type=\"widget\" data-widget_type=\"button.default\">\n\t\t\t\t\t\t\t\t\t\t<a class=\"elementor-button elementor-button-link elementor-size-sm\" href=\"https:\/\/kominstal.cz\/domains\/kominstal.cz\/jadrove-vrtani\/\">\n\t\t\t\t\t\t<span class=\"elementor-button-content-wrapper\">\n\t\t\t\t\t\t\t\t\t<span class=\"elementor-button-text\">J\u00e1drov\u00e9 vrt\u00e1n\u00ed<\/span>\n\t\t\t\t\t<\/span>\n\t\t\t\t\t<\/a>\n\t\t\t\t\t\t\t\t<\/div>\n\t\t\t\t<\/div>\n\t\t<div class=\"elementor-element elementor-element-7e8e3965 e-con-full e-flex e-con e-child\" data-id=\"7e8e3965\" data-element_type=\"container\" data-e-type=\"container\" data-settings=\"{&quot;background_background&quot;:&quot;classic&quot;}\">\n\t\t\t\t<div class=\"elementor-element elementor-element-4f515f5d elementor-align-justify elementor-widget elementor-widget-button\" data-id=\"4f515f5d\" data-element_type=\"widget\" data-e-type=\"widget\" data-widget_type=\"button.default\">\n\t\t\t\t\t\t\t\t\t\t<a class=\"elementor-button elementor-button-link elementor-size-sm\" href=\"https:\/\/kominstal.cz\/domains\/kominstal.cz\/klempirske-a-zamecnicka-dilna\/\">\n\t\t\t\t\t\t<span class=\"elementor-button-content-wrapper\">\n\t\t\t\t\t\t\t\t\t<span class=\"elementor-button-text\">Klemp\u00ed\u0159sk\u00e1 a z\u00e1me\u010dnick\u00e1 d\u00edlna<\/span>\n\t\t\t\t\t<\/span>\n\t\t\t\t\t<\/a>\n\t\t\t\t\t\t\t\t<\/div>\n\t\t\t\t<\/div>\n\t\t\t\t<\/div>\n\t\t<div class=\"elementor-element elementor-element-5e5231f2 e-con-full e-flex e-con e-child\" data-id=\"5e5231f2\" data-element_type=\"container\" data-e-type=\"container\" data-settings=\"{&quot;background_background&quot;:&quot;classic&quot;}\">\n\t\t<div class=\"elementor-element elementor-element-6b4d73d1 e-con-full e-flex e-con e-child\" data-id=\"6b4d73d1\" data-element_type=\"container\" data-e-type=\"container\">\n\t\t\t\t<div class=\"elementor-element elementor-element-7aa31270 elementor-widget elementor-widget-heading\" data-id=\"7aa31270\" data-element_type=\"widget\" data-e-type=\"widget\" data-widget_type=\"heading.default\">\n\t\t\t\t\t<h2 class=\"elementor-heading-title elementor-size-default\">Kontroly a revizn\u00ed zpr\u00e1vy spalinov\u00fdch cest<\/h2>\t\t\t\t<\/div>\n\t\t\t\t<\/div>\n\t\t<div class=\"elementor-element elementor-element-5326f476 e-con-full e-flex e-con e-child\" data-id=\"5326f476\" data-element_type=\"container\" data-e-type=\"container\">\n\t\t\t\t<div class=\"elementor-element elementor-element-9343ac7 elementor-widget elementor-widget-text-editor\" data-id=\"9343ac7\" data-element_type=\"widget\" data-e-type=\"widget\" data-widget_type=\"text-editor.default\">\n\t\t\t\t\t\t\t\t\t<p>Prov\u00e1d\u00edme ka\u017edoro\u010dn\u00ed kontroly spalinov\u00fdch cest.\u00a0<\/p>\t\t\t\t\t\t\t\t<\/div>\n\t\t\t\t<\/div>\n\t\t\t\t<\/div>\n\t\t\t\t<\/div>\n\t\t<div class=\"elementor-element elementor-element-195141f0 e-con-full e-flex e-con e-parent\" data-id=\"195141f0\" data-element_type=\"container\" data-e-type=\"container\" id=\"next\" data-settings=\"{&quot;background_background&quot;:&quot;classic&quot;}\">\n\t\t<div class=\"elementor-element elementor-element-4d81813d e-con-full e-flex e-con e-child\" data-id=\"4d81813d\" data-element_type=\"container\" data-e-type=\"container\" data-settings=\"{&quot;background_background&quot;:&quot;classic&quot;}\">\n\t\t<div class=\"elementor-element elementor-element-7b839e40 e-con-full e-flex e-con e-child\" data-id=\"7b839e40\" data-element_type=\"container\" data-e-type=\"container\">\n\t\t\t\t<div class=\"elementor-element elementor-element-7197747a elementor-widget elementor-widget-text-editor\" data-id=\"7197747a\" data-element_type=\"widget\" data-e-type=\"widget\" data-widget_type=\"text-editor.default\">\n\t\t\t\t\t\t\t\t\t<p class=\"et_pb_module_heading\">Pot\u0159ebujete poradit?<\/p>\t\t\t\t\t\t\t\t<\/div>\n\t\t\t\t<\/div>\n\t\t<div class=\"elementor-element elementor-element-6ad1add6 e-con-full e-flex e-con e-child\" data-id=\"6ad1add6\" data-element_type=\"container\" data-e-type=\"container\">\n\t\t\t\t<div class=\"elementor-element elementor-element-2ba8e474 elementor-widget elementor-widget-button\" data-id=\"2ba8e474\" data-element_type=\"widget\" data-e-type=\"widget\" data-widget_type=\"button.default\">\n\t\t\t\t\t\t\t\t\t\t<a class=\"elementor-button elementor-button-link elementor-size-sm\" href=\"https:\/\/kominstal.cz\/domains\/kominstal.cz\/#kontakt\">\n\t\t\t\t\t\t<span class=\"elementor-button-content-wrapper\">\n\t\t\t\t\t\t\t\t\t<span class=\"elementor-button-text\">Kontaktujte n\u00e1s<\/span>\n\t\t\t\t\t<\/span>\n\t\t\t\t\t<\/a>\n\t\t\t\t\t\t\t\t<\/div>\n\t\t\t\t<\/div>\n\t\t\t\t<\/div>\n\t\t\t\t<\/div>\n\t\t<div class=\"elementor-element elementor-element-98cf231 e-flex e-con-boxed e-con e-parent\" data-id=\"98cf231\" data-element_type=\"container\" data-e-type=\"container\" data-settings=\"{&quot;background_background&quot;:&quot;classic&quot;}\">\n\t\t\t\t\t<div class=\"e-con-inner\">\n\t\t<div class=\"elementor-element elementor-element-56e47763 e-con-full e-flex e-con e-child\" data-id=\"56e47763\" data-element_type=\"container\" data-e-type=\"container\">\n\t\t<div class=\"elementor-element elementor-element-1bcf5014 e-con-full e-flex e-con e-child\" data-id=\"1bcf5014\" data-element_type=\"container\" data-e-type=\"container\">\n\t\t\t\t<div class=\"elementor-element elementor-element-27c20e83 elementor-widget elementor-widget-text-editor\" data-id=\"27c20e83\" data-element_type=\"widget\" data-e-type=\"widget\" data-widget_type=\"text-editor.default\">\n\t\t\t\t\t\t\t\t\t<p>1 )<\/p>\t\t\t\t\t\t\t\t<\/div>\n\t\t\t\t<div class=\"elementor-element elementor-element-4295e370 elementor-widget elementor-widget-heading\" data-id=\"4295e370\" data-element_type=\"widget\" data-e-type=\"widget\" data-widget_type=\"heading.default\">\n\t\t\t\t\t<h2 class=\"elementor-heading-title elementor-size-default\">Kontroly spalinov\u00fdch cest<\/h2>\t\t\t\t<\/div>\n\t\t\t\t<\/div>\n\t\t<div class=\"elementor-element elementor-element-31175b77 e-con-full e-flex e-con e-child\" data-id=\"31175b77\" data-element_type=\"container\" data-e-type=\"container\">\n\t\t\t\t<div class=\"elementor-element elementor-element-53082d29 elementor-widget elementor-widget-text-editor\" data-id=\"53082d29\" data-element_type=\"widget\" data-e-type=\"widget\" data-widget_type=\"text-editor.default\">\n\t\t\t\t\t\t\t\t\t<p>Prov\u00e1d\u00edme ka\u017edoro\u010dn\u00ed kontroly spalinov\u00fdch cest. Kontroly prov\u00e1d\u00edme v rodinn\u00fdch a bytov\u00fdch domech. Kontrolu je ov\u0161em nutno objednat cca 2 m\u011bs\u00edce dop\u0159edu a ide\u00e1ln\u011b nepo\u010d\u00edtat s m\u011bs\u00edci z\u00e1\u0159\u00ed, \u0159\u00edjen, listopad. V t\u011bchto m\u011bs\u00edc\u00edch se zab\u00fdv\u00e1me p\u0159edev\u0161\u00edm ostatn\u00edmi \u010dinnostmi.<\/p>\t\t\t\t\t\t\t\t<\/div>\n\t\t\t\t<\/div>\n\t\t\t\t<\/div>\n\t\t<div class=\"elementor-element elementor-element-52b846b5 e-con-full e-flex e-con e-child\" data-id=\"52b846b5\" data-element_type=\"container\" data-e-type=\"container\">\n\t\t<div class=\"elementor-element elementor-element-1644e6a1 e-con-full e-flex e-con e-child\" data-id=\"1644e6a1\" data-element_type=\"container\" data-e-type=\"container\">\n\t\t\t\t<div class=\"elementor-element elementor-element-797d8e80 elementor-widget elementor-widget-text-editor\" data-id=\"797d8e80\" data-element_type=\"widget\" data-e-type=\"widget\" data-widget_type=\"text-editor.default\">\n\t\t\t\t\t\t\t\t\t<p>2 )<\/p>\t\t\t\t\t\t\t\t<\/div>\n\t\t\t\t<div class=\"elementor-element elementor-element-79696e4a elementor-widget elementor-widget-heading\" data-id=\"79696e4a\" data-element_type=\"widget\" data-e-type=\"widget\" data-widget_type=\"heading.default\">\n\t\t\t\t\t<h2 class=\"elementor-heading-title elementor-size-default\">V\u00fdchoz\u00ed revizn\u00ed zpr\u00e1vy spalinov\u00fdch cest<\/h2>\t\t\t\t<\/div>\n\t\t\t\t<\/div>\n\t\t<div class=\"elementor-element elementor-element-35a8f353 e-con-full e-flex e-con e-child\" data-id=\"35a8f353\" data-element_type=\"container\" data-e-type=\"container\">\n\t\t\t\t<div class=\"elementor-element elementor-element-4777ae3 elementor-widget elementor-widget-text-editor\" data-id=\"4777ae3\" data-element_type=\"widget\" data-e-type=\"widget\" data-widget_type=\"text-editor.default\">\n\t\t\t\t\t\t\t\t\t<div>Vystavujeme v\u00fdchoz\u00ed revizn\u00ed zpr\u00e1vy spalinov\u00fdch cest k nov\u00fdm kom\u00edn\u016fm a pro nov\u00e9 spot\u0159ebi\u010de dopojen\u00e9 ke kom\u00ednu .\u00a0 Po zhotoven\u00ed vyvlo\u017ekov\u00e1n\u00ed ,nebo stavb\u011b syst\u00e9mov\u00e9ho kom\u00ednu je po dokon\u010den\u00ed v\u00fdchoz\u00ed revizn\u00ed zpr\u00e1va sou\u010d\u00e1st\u00ed d\u00edla a je vystavena automaticky.<\/div><div>Revizn\u00ed zpr\u00e1va je nutn\u00e1 pro kolaudaci objektu. Ze z\u00e1kona je nutn\u00e9 zrevidovat kom\u00edn i po vyho\u0159en\u00ed saz\u00ed.<\/div>\t\t\t\t\t\t\t\t<\/div>\n\t\t\t\t<\/div>\n\t\t\t\t<\/div>\n\t\t\t\t\t<\/div>\n\t\t\t\t<\/div>\n\t\t\t\t<\/div>\n\t\t","protected":false},"excerpt":{"rendered":"<p>Fr\u00e9zov\u00e1n\u00ed kom\u00edn\u016f Vlo\u017ekov\u00e1n\u00ed kom\u00edn\u016f Nerezov\u00e9 fas\u00e1dn\u00ed kom\u00edny Nerezov\u00e9 vnit\u0159n\u00ed kom\u00edny Svisl\u00e9 kou\u0159ovody s funkc\u00ed kom\u00edna Odkou\u0159en\u00ed pro kondeza\u010dn\u00ed kotle Kom\u00ednov\u00e9 n\u00e1stavce Kou\u0159ovody Oplechov\u00e1n\u00ed kom\u00edn\u016f Kom\u00edny pro pr\u016fmyslov\u00e9 objekty Strojn\u00ed \u010di\u0161t\u011bn\u00ed Prostupy Kom\u00ednov\u00e9 st\u0159\u00ed\u0161ky Kontrola a revize spalinov\u00fdch cest J\u00e1drov\u00e9 vrt\u00e1n\u00ed Klemp\u00ed\u0159sk\u00e1 a z\u00e1me\u010dnick\u00e1 d\u00edlna Kontroly a revizn\u00ed zpr\u00e1vy spalinov\u00fdch cest Prov\u00e1d\u00edme ka\u017edoro\u010dn\u00ed kontroly spalinov\u00fdch cest.\u00a0 [&hellip;]<\/p>\n","protected":false},"author":1,"featured_media":0,"parent":0,"menu_order":0,"comment_status":"closed","ping_status":"closed","template":"","meta":{"footnotes":""},"class_list":["post-2696","page","type-page","status-publish","hentry"],"_links":{"self":[{"href":"https:\/\/kominstal.cz\/domains\/kominstal.cz\/wp-json\/wp\/v2\/pages\/2696","targetHints":{"allow":["GET"]}}],"collection":[{"href":"https:\/\/kominstal.cz\/domains\/kominstal.cz\/wp-json\/wp\/v2\/pages"}],"about":[{"href":"https:\/\/kominstal.cz\/domains\/kominstal.cz\/wp-json\/wp\/v2\/types\/page"}],"author":[{"embeddable":true,"href":"https:\/\/kominstal.cz\/domains\/kominstal.cz\/wp-json\/wp\/v2\/users\/1"}],"replies":[{"embeddable":true,"href":"https:\/\/kominstal.cz\/domains\/kominstal.cz\/wp-json\/wp\/v2\/comments?post=2696"}],"version-history":[{"count":27,"href":"https:\/\/kominstal.cz\/domains\/kominstal.cz\/wp-json\/wp\/v2\/pages\/2696\/revisions"}],"predecessor-version":[{"id":3022,"href":"https:\/\/kominstal.cz\/domains\/kominstal.cz\/wp-json\/wp\/v2\/pages\/2696\/revisions\/3022"}],"wp:attachment":[{"href":"https:\/\/kominstal.cz\/domains\/kominstal.cz\/wp-json\/wp\/v2\/media?parent=2696"}],"curies":[{"name":"wp","href":"https:\/\/api.w.org\/{rel}","templated":true}]}}